{"id":10979,"date":"2024-01-31T07:24:31","date_gmt":"2024-01-31T06:24:31","guid":{"rendered":"https:\/\/www.zuki.ch\/wpn\/?page_id=10979"},"modified":"2024-03-13T14:55:21","modified_gmt":"2024-03-13T13:55:21","slug":"anmeldung-ferienabenteuer","status":"publish","type":"page","link":"https:\/\/www.zuki.ch\/wpn\/kontakt\/kontakt-3\/anmeldung-ferienabenteuer\/","title":{"rendered":"Anmeldung Ferienabenteuer"},"content":{"rendered":"\n\n<div class=\"wpcf7 no-js\" id=\"wpcf7-f10978-o1\" lang=\"de-DE\" dir=\"ltr\" data-wpcf7-id=\"10978\">\n<div class=\"screen-reader-response\"><p role=\"status\" aria-live=\"polite\" aria-atomic=\"true\"><\/p> <ul><\/ul><\/div>\n<form action=\"\/wpn\/wp-json\/wp\/v2\/pages\/10979#wpcf7-f10978-o1\" method=\"post\" class=\"wpcf7-form init\" aria-label=\"Kontaktformular\" novalidate=\"novalidate\" data-status=\"init\">\n<fieldset class=\"hidden-fields-container\"><input type=\"hidden\" name=\"_wpcf7\" value=\"10978\" \/><input type=\"hidden\" name=\"_wpcf7_version\" value=\"6.1.6\" \/><input type=\"hidden\" name=\"_wpcf7_locale\" value=\"de_DE\" \/><input type=\"hidden\" name=\"_wpcf7_unit_tag\" value=\"wpcf7-f10978-o1\" \/><input type=\"hidden\" name=\"_wpcf7_container_post\" value=\"0\" \/><input type=\"hidden\" name=\"_wpcf7_posted_data_hash\" value=\"\" \/><input type=\"hidden\" name=\"_wpcf7_recaptcha_response\" value=\"\" \/>\n<\/fieldset>\n<p>Vorname* <span class=\"wpcf7-form-control-wrap\" data-name=\"Vorname\"><input size=\"40\" maxlength=\"400\" class=\"wpcf7-form-control wpcf7-text wpcf7-validates-as-required\" aria-required=\"true\" aria-invalid=\"false\" value=\"\" type=\"text\" name=\"Vorname\" \/><\/span><br \/>\nNachname* <span class=\"wpcf7-form-control-wrap\" data-name=\"your-name\"><input size=\"40\" maxlength=\"400\" class=\"wpcf7-form-control wpcf7-text wpcf7-validates-as-required\" aria-required=\"true\" aria-invalid=\"false\" value=\"\" type=\"text\" name=\"your-name\" \/><\/span><br \/>\nTelefonnr.* <span class=\"wpcf7-form-control-wrap\" data-name=\"tel-216\"><input size=\"40\" maxlength=\"400\" class=\"wpcf7-form-control wpcf7-tel wpcf7-validates-as-required wpcf7-text wpcf7-validates-as-tel\" aria-required=\"true\" aria-invalid=\"false\" value=\"\" type=\"tel\" name=\"tel-216\" \/><\/span><br \/>\nE-mail* <span class=\"wpcf7-form-control-wrap\" data-name=\"your-email\"><input size=\"40\" maxlength=\"400\" class=\"wpcf7-form-control wpcf7-email wpcf7-validates-as-required wpcf7-text wpcf7-validates-as-email\" aria-required=\"true\" aria-invalid=\"false\" value=\"\" type=\"email\" name=\"your-email\" \/><\/span>\n<\/p>\n<p>Gew\u00fcnschte Daten bitte ausw\u00e4hlen, Mehrfachauswahl mit gedr\u00fcckter Ctrl Taste m\u00f6glich<br \/>\n<span class=\"wpcf7-form-control-wrap\" data-name=\"menu-176\"><select class=\"wpcf7-form-control wpcf7-select\" aria-invalid=\"false\" multiple=\"multiple\" name=\"menu-176[]\"><option value=\"Mi.  15. April. um 9:00\u201312:00\">Mi.  15. April. um 9:00\u201312:00<\/option><option value=\"Mi. 15. April. um 13:30\u201317:00\">Mi. 15. April. um 13:30\u201317:00<\/option><option value=\"Fr.  17. April. um 9:00\u201312:00\">Fr.  17. April. um 9:00\u201312:00<\/option><option value=\"Fr. 17. April. um 13:30\u201317:00\">Fr. 17. April. um 13:30\u201317:00<\/option><option value=\"Mi.  5. Aug. um 9:00\u201312:00\">Mi.  5. Aug. um 9:00\u201312:00<\/option><option value=\"Mi. 5. Aug. um 13:30\u201317:00\">Mi. 5. Aug. um 13:30\u201317:00<\/option><option value=\"Fr.  7. Aug. um 9:00\u201312:00\">Fr.  7. Aug. um 9:00\u201312:00<\/option><option value=\"Fr. 7. Aug. um 13:30\u201317:00\">Fr. 7. Aug. um 13:30\u201317:00<\/option><option value=\"Di.  11. Aug. um 9:00\u201312:00\">Di.  11. Aug. um 9:00\u201312:00<\/option><option value=\"Di. 11. Aug. um 13:30\u201317:00\">Di. 11. Aug. um 13:30\u201317:00<\/option><option value=\"Mi.  12. Aug. um 9:00\u201312:00\">Mi.  12. Aug. um 9:00\u201312:00<\/option><option value=\"Mi. 12. Aug. um 13:30\u201317:00\">Mi. 12. Aug. um 13:30\u201317:00<\/option><option value=\"Do.  13. Aug. um 9:00\u201312:00\">Do.  13. Aug. um 9:00\u201312:00<\/option><option value=\"Do. 13. Aug. um 13:30\u201317:00\">Do. 13. Aug. um 13:30\u201317:00<\/option><option value=\"Mi.  7. Okt. um 13:30\u201317:00\">Mi.  7. Okt. um 13:30\u201317:00<\/option><option value=\"Fr. 9. Okt. um 13:30\u201317:00\">Fr. 9. Okt. um 13:30\u201317:00<\/option><\/select><\/span>\n<\/p>\n<p>Ihre Nachricht<br \/>\n<span class=\"wpcf7-form-control-wrap\" data-name=\"your-message\"><input size=\"40\" maxlength=\"400\" class=\"wpcf7-form-control wpcf7-text\" aria-invalid=\"false\" value=\"\" type=\"text\" name=\"your-message\" \/><\/span>\n<\/p>\n<p><span class=\"wpcf7-form-control-wrap\" data-name=\"checkbox-271\"><span class=\"wpcf7-form-control wpcf7-checkbox wpcf7-validates-as-required\"><span class=\"wpcf7-list-item first last\"><label><input type=\"checkbox\" name=\"checkbox-271[]\" value=\"Ich habe die Datenschutzbestimmungen gelesen.\" \/><span class=\"wpcf7-list-item-label\">Ich habe die Datenschutzbestimmungen gelesen.<\/span><\/label><\/span><\/span><\/span>\n<\/p>\n<p><a href=\"https:\/\/www.zuki.ch\/wpn\/kontakt\/datenschutzerklaerung\/\" rel=\"privacy-policy\" aria-current=\"page\">Datenschutz<\/a>\n<\/p>\n\n<p><input class=\"wpcf7-form-control wpcf7-submit has-spinner\" type=\"submit\" value=\"Senden\" \/>\n<\/p><div class=\"wpcf7-response-output\" aria-hidden=\"true\"><\/div>\n<\/form>\n<\/div>\n\n","protected":false},"excerpt":{"rendered":"","protected":false},"author":3,"featured_media":0,"parent":2444,"menu_order":20,"comment_status":"closed","ping_status":"closed","template":"","meta":{"footnotes":""},"class_list":["post-10979","page","type-page","status-publish","hentry"],"yoast_head":"<!-- This site is optimized with the Yoast SEO plugin v27.6 - https:\/\/yoast.com\/product\/yoast-seo-wordpress\/ -->\n<title>Anmeldung Ferienabenteuer - Zukunft Kinder Cham<\/title>\n<meta name=\"robots\" content=\"index, follow, max-snippet:-1, max-image-preview:large, max-video-preview:-1\" \/>\n<link rel=\"canonical\" href=\"https:\/\/www.zuki.ch\/wpn\/kontakt\/kontakt-3\/anmeldung-ferienabenteuer\/\" \/>\n<meta property=\"og:locale\" content=\"de_DE\" \/>\n<meta property=\"og:type\" content=\"article\" \/>\n<meta property=\"og:title\" content=\"Anmeldung Ferienabenteuer - Zukunft Kinder Cham\" \/>\n<meta property=\"og:url\" content=\"https:\/\/www.zuki.ch\/wpn\/kontakt\/kontakt-3\/anmeldung-ferienabenteuer\/\" \/>\n<meta property=\"og:site_name\" content=\"Zukunft Kinder Cham\" \/>\n<meta property=\"article:publisher\" content=\"https:\/\/www.facebook.com\/ZuKiCham\/\" \/>\n<meta property=\"article:modified_time\" content=\"2024-03-13T13:55:21+00:00\" \/>\n<meta name=\"twitter:card\" content=\"summary_large_image\" \/>\n<script type=\"application\/ld+json\" class=\"yoast-schema-graph\">{\"@context\":\"https:\\\/\\\/schema.org\",\"@graph\":[{\"@type\":\"WebPage\",\"@id\":\"https:\\\/\\\/www.zuki.ch\\\/wpn\\\/kontakt\\\/kontakt-3\\\/anmeldung-ferienabenteuer\\\/\",\"url\":\"https:\\\/\\\/www.zuki.ch\\\/wpn\\\/kontakt\\\/kontakt-3\\\/anmeldung-ferienabenteuer\\\/\",\"name\":\"Anmeldung Ferienabenteuer - Zukunft Kinder Cham\",\"isPartOf\":{\"@id\":\"https:\\\/\\\/www.zuki.ch\\\/wpn\\\/#website\"},\"datePublished\":\"2024-01-31T06:24:31+00:00\",\"dateModified\":\"2024-03-13T13:55:21+00:00\",\"breadcrumb\":{\"@id\":\"https:\\\/\\\/www.zuki.ch\\\/wpn\\\/kontakt\\\/kontakt-3\\\/anmeldung-ferienabenteuer\\\/#breadcrumb\"},\"inLanguage\":\"de\",\"potentialAction\":[{\"@type\":\"ReadAction\",\"target\":[\"https:\\\/\\\/www.zuki.ch\\\/wpn\\\/kontakt\\\/kontakt-3\\\/anmeldung-ferienabenteuer\\\/\"]}]},{\"@type\":\"BreadcrumbList\",\"@id\":\"https:\\\/\\\/www.zuki.ch\\\/wpn\\\/kontakt\\\/kontakt-3\\\/anmeldung-ferienabenteuer\\\/#breadcrumb\",\"itemListElement\":[{\"@type\":\"ListItem\",\"position\":1,\"name\":\"Startseite\",\"item\":\"https:\\\/\\\/www.zuki.ch\\\/wpn\\\/\"},{\"@type\":\"ListItem\",\"position\":2,\"name\":\"Kontakte\",\"item\":\"https:\\\/\\\/www.zuki.ch\\\/wpn\\\/kontakt\\\/\"},{\"@type\":\"ListItem\",\"position\":3,\"name\":\"Kontakt Allgemein\",\"item\":\"https:\\\/\\\/www.zuki.ch\\\/wpn\\\/kontakt\\\/kontakt-3\\\/\"},{\"@type\":\"ListItem\",\"position\":4,\"name\":\"Anmeldung Ferienabenteuer\"}]},{\"@type\":\"WebSite\",\"@id\":\"https:\\\/\\\/www.zuki.ch\\\/wpn\\\/#website\",\"url\":\"https:\\\/\\\/www.zuki.ch\\\/wpn\\\/\",\"name\":\"Zukunft Kinder Cham\",\"description\":\"\",\"publisher\":{\"@id\":\"https:\\\/\\\/www.zuki.ch\\\/wpn\\\/#organization\"},\"potentialAction\":[{\"@type\":\"SearchAction\",\"target\":{\"@type\":\"EntryPoint\",\"urlTemplate\":\"https:\\\/\\\/www.zuki.ch\\\/wpn\\\/?s={search_term_string}\"},\"query-input\":{\"@type\":\"PropertyValueSpecification\",\"valueRequired\":true,\"valueName\":\"search_term_string\"}}],\"inLanguage\":\"de\"},{\"@type\":\"Organization\",\"@id\":\"https:\\\/\\\/www.zuki.ch\\\/wpn\\\/#organization\",\"name\":\"Zukunft Kinder Cham\",\"alternateName\":\"ZuKi\",\"url\":\"https:\\\/\\\/www.zuki.ch\\\/wpn\\\/\",\"logo\":{\"@type\":\"ImageObject\",\"inLanguage\":\"de\",\"@id\":\"https:\\\/\\\/www.zuki.ch\\\/wpn\\\/#\\\/schema\\\/logo\\\/image\\\/\",\"url\":\"https:\\\/\\\/www.zuki.ch\\\/wpn\\\/wp-content\\\/uploads\\\/2024\\\/06\\\/ZuKi-.jpg\",\"contentUrl\":\"https:\\\/\\\/www.zuki.ch\\\/wpn\\\/wp-content\\\/uploads\\\/2024\\\/06\\\/ZuKi-.jpg\",\"width\":1000,\"height\":1117,\"caption\":\"Zukunft Kinder Cham\"},\"image\":{\"@id\":\"https:\\\/\\\/www.zuki.ch\\\/wpn\\\/#\\\/schema\\\/logo\\\/image\\\/\"},\"sameAs\":[\"https:\\\/\\\/www.facebook.com\\\/ZuKiCham\\\/\"]}]}<\/script>\n<!-- \/ Yoast SEO plugin. -->","yoast_head_json":{"title":"Anmeldung Ferienabenteuer - Zukunft Kinder Cham","robots":{"index":"index","follow":"follow","max-snippet":"max-snippet:-1","max-image-preview":"max-image-preview:large","max-video-preview":"max-video-preview:-1"},"canonical":"https:\/\/www.zuki.ch\/wpn\/kontakt\/kontakt-3\/anmeldung-ferienabenteuer\/","og_locale":"de_DE","og_type":"article","og_title":"Anmeldung Ferienabenteuer - Zukunft Kinder Cham","og_url":"https:\/\/www.zuki.ch\/wpn\/kontakt\/kontakt-3\/anmeldung-ferienabenteuer\/","og_site_name":"Zukunft Kinder Cham","article_publisher":"https:\/\/www.facebook.com\/ZuKiCham\/","article_modified_time":"2024-03-13T13:55:21+00:00","twitter_card":"summary_large_image","schema":{"@context":"https:\/\/schema.org","@graph":[{"@type":"WebPage","@id":"https:\/\/www.zuki.ch\/wpn\/kontakt\/kontakt-3\/anmeldung-ferienabenteuer\/","url":"https:\/\/www.zuki.ch\/wpn\/kontakt\/kontakt-3\/anmeldung-ferienabenteuer\/","name":"Anmeldung Ferienabenteuer - Zukunft Kinder Cham","isPartOf":{"@id":"https:\/\/www.zuki.ch\/wpn\/#website"},"datePublished":"2024-01-31T06:24:31+00:00","dateModified":"2024-03-13T13:55:21+00:00","breadcrumb":{"@id":"https:\/\/www.zuki.ch\/wpn\/kontakt\/kontakt-3\/anmeldung-ferienabenteuer\/#breadcrumb"},"inLanguage":"de","potentialAction":[{"@type":"ReadAction","target":["https:\/\/www.zuki.ch\/wpn\/kontakt\/kontakt-3\/anmeldung-ferienabenteuer\/"]}]},{"@type":"BreadcrumbList","@id":"https:\/\/www.zuki.ch\/wpn\/kontakt\/kontakt-3\/anmeldung-ferienabenteuer\/#breadcrumb","itemListElement":[{"@type":"ListItem","position":1,"name":"Startseite","item":"https:\/\/www.zuki.ch\/wpn\/"},{"@type":"ListItem","position":2,"name":"Kontakte","item":"https:\/\/www.zuki.ch\/wpn\/kontakt\/"},{"@type":"ListItem","position":3,"name":"Kontakt Allgemein","item":"https:\/\/www.zuki.ch\/wpn\/kontakt\/kontakt-3\/"},{"@type":"ListItem","position":4,"name":"Anmeldung Ferienabenteuer"}]},{"@type":"WebSite","@id":"https:\/\/www.zuki.ch\/wpn\/#website","url":"https:\/\/www.zuki.ch\/wpn\/","name":"Zukunft Kinder Cham","description":"","publisher":{"@id":"https:\/\/www.zuki.ch\/wpn\/#organization"},"potentialAction":[{"@type":"SearchAction","target":{"@type":"EntryPoint","urlTemplate":"https:\/\/www.zuki.ch\/wpn\/?s={search_term_string}"},"query-input":{"@type":"PropertyValueSpecification","valueRequired":true,"valueName":"search_term_string"}}],"inLanguage":"de"},{"@type":"Organization","@id":"https:\/\/www.zuki.ch\/wpn\/#organization","name":"Zukunft Kinder Cham","alternateName":"ZuKi","url":"https:\/\/www.zuki.ch\/wpn\/","logo":{"@type":"ImageObject","inLanguage":"de","@id":"https:\/\/www.zuki.ch\/wpn\/#\/schema\/logo\/image\/","url":"https:\/\/www.zuki.ch\/wpn\/wp-content\/uploads\/2024\/06\/ZuKi-.jpg","contentUrl":"https:\/\/www.zuki.ch\/wpn\/wp-content\/uploads\/2024\/06\/ZuKi-.jpg","width":1000,"height":1117,"caption":"Zukunft Kinder Cham"},"image":{"@id":"https:\/\/www.zuki.ch\/wpn\/#\/schema\/logo\/image\/"},"sameAs":["https:\/\/www.facebook.com\/ZuKiCham\/"]}]}},"_links":{"self":[{"href":"https:\/\/www.zuki.ch\/wpn\/wp-json\/wp\/v2\/pages\/10979","targetHints":{"allow":["GET"]}}],"collection":[{"href":"https:\/\/www.zuki.ch\/wpn\/wp-json\/wp\/v2\/pages"}],"about":[{"href":"https:\/\/www.zuki.ch\/wpn\/wp-json\/wp\/v2\/types\/page"}],"author":[{"embeddable":true,"href":"https:\/\/www.zuki.ch\/wpn\/wp-json\/wp\/v2\/users\/3"}],"replies":[{"embeddable":true,"href":"https:\/\/www.zuki.ch\/wpn\/wp-json\/wp\/v2\/comments?post=10979"}],"version-history":[{"count":2,"href":"https:\/\/www.zuki.ch\/wpn\/wp-json\/wp\/v2\/pages\/10979\/revisions"}],"predecessor-version":[{"id":11000,"href":"https:\/\/www.zuki.ch\/wpn\/wp-json\/wp\/v2\/pages\/10979\/revisions\/11000"}],"up":[{"embeddable":true,"href":"https:\/\/www.zuki.ch\/wpn\/wp-json\/wp\/v2\/pages\/2444"}],"wp:attachment":[{"href":"https:\/\/www.zuki.ch\/wpn\/wp-json\/wp\/v2\/media?parent=10979"}],"curies":[{"name":"wp","href":"https:\/\/api.w.org\/{rel}","templated":true}]}}