{"id":8458,"date":"2020-11-04T14:53:32","date_gmt":"2020-11-04T13:53:32","guid":{"rendered":"https:\/\/www.zuki.ch\/wpn\/?page_id=8458"},"modified":"2021-05-11T20:00:53","modified_gmt":"2021-05-11T18:00:53","slug":"anmeldung","status":"publish","type":"page","link":"https:\/\/www.zuki.ch\/wpn\/angebote\/zuki-plausch-cham\/anmeldung\/","title":{"rendered":"Anmeldung ZP"},"content":{"rendered":"\n<p><span style=\"font-family: arial, helvetica, sans-serif;\"><span style=\"color: #ff0000;\">Gem\u00e4ss den BAG-Bestimmungen vom 13.02.21 m\u00fcssen wir den ZuKi-Plausch leider bis auf Weiteres absagen.<\/span><\/span><br \/><br \/><iframe src=\"https:\/\/docs.google.com\/spreadsheets\/d\/e\/2PACX-1vQKr6ODez2sZ_zdoBR08_7jO1CiJ9SBz07qo_5cdZnl2LNtZkcs-AxiJgjt0-q3qHYI7caTbIlryIW5\/pubhtml?gid=1178716300&amp;single=true&amp;widget=true&amp;headers=false\"><\/iframe><\/p>\n<div dir=\"auto\">Aufgrund von Covid-19 halten wir uns an die gesetzlichen Vorgaben.<br \/><strong>Alle Erwachsenen m\u00fcssen im Geb\u00e4ude Masken tragen und ihre Kontaktdaten hinterlassen.<\/strong><\/div>\n<div dir=\"auto\">Hierf\u00fcr bitten wir euch die App Mindful zu installieren und eure Daten bereits zu hinterlegen. Beim Betreten der Halle k\u00f6nnt ihr euch \u00fcber den QR-Code an der T\u00fcre einchecken.<\/div>\n<div dir=\"auto\"><a class=\"oajrlxb2 g5ia77u1 qu0x051f esr5mh6w e9989ue4 r7d6kgcz rq0escxv nhd2j8a9 nc684nl6 p7hjln8o kvgmc6g5 cxmmr5t8 oygrvhab hcukyx3x jb3vyjys rz4wbd8a qt6c0cv9 a8nywdso i1ao9s8h esuyzwwr f1sip0of lzcic4wl py34i1dx gpro0wi8\" tabindex=\"0\" role=\"link\" href=\"https:\/\/l.facebook.com\/l.php?u=https%3A%2F%2Fmindfulapp.io%2F%3Ffbclid%3DIwAR1bl3TTXAsoLS5GHdoJBaQfn7lkgnIjAwsfSN4SMH3ifj2vaTdGHqcYhIA&amp;h=AT0r_B_IJBfm9oyFHia-FSMwa7Lw7k7FNS4SOxGd-az9_mGA7QhgmwtB3cY5mP7e-DkuE7qHZCsaw8T89rmgbhC0Hapwf2n74dh6LD_fIuzJSaVNWN4kAIYnoQXJ_d8BgQ&amp;__tn__=-UK-R&amp;c[0]=AT3-614clKXBybnlLC_QdgdZTVQFPquPQzI7jKi67zamp4h89jKzAfmO-yaJXI0QnJKB_ti1housFEesgJF6HDkL1-O42NPcMwNH2DqldmuyUJwMxsKunf0h9GMWaxTCnB5kq1LtQrvpPO7BqxJGVsxIOY-1vdjFMe2uYW4pooZtqDLmdkvsoaDvEVlh74FuWmPv7Wt1DP9ebIftNbEKWUo\" target=\"_blank\" rel=\"nofollow noopener noreferrer\">https:\/\/mindfulapp.io<\/a><\/div>\n<div dir=\"auto\"><a href=\"https:\/\/www.zuki.ch\/wpn\/gutscheine-verschenken\/\" target=\"_blank\" rel=\"noopener noreferrer\"><img loading=\"lazy\" decoding=\"async\" class=\"alignnone wp-image-8501 size-medium\" src=\"https:\/\/www.zuki.ch\/wpn\/wp-content\/uploads\/2020\/11\/Gutscheine3-1-300x122.jpg\" alt=\"\" width=\"300\" height=\"122\" \/><\/a><\/div>\n<p><iframe loading=\"lazy\" src=\"https:\/\/docs.google.com\/forms\/d\/e\/1FAIpQLSd3sDAlVG4HJCMJMnGX9HcAdvWuw76FOL3G_vLi2uF3zOVSZw\/viewform?embedded=true\" width=\"640\" height=\"1152\" frameborder=\"0\" marginwidth=\"0\" marginheight=\"0\">Wird geladen\u2026<\/iframe><\/p>\n","protected":false},"excerpt":{"rendered":"<p>Gem\u00e4ss den BAG-Bestimmungen vom 13.02.21 m\u00fcssen wir den ZuKi-Plausch leider bis auf Weiteres absagen. Aufgrund von Covid-19 halten wir uns an die gesetzlichen Vorgaben.Alle Erwachsenen m\u00fcssen im Geb\u00e4ude Masken tragen <a class=\"more-link\" href=\"https:\/\/www.zuki.ch\/wpn\/angebote\/zuki-plausch-cham\/anmeldung\/\">Weiterlesen \u2192<\/a><\/p>\n","protected":false},"author":3,"featured_media":0,"parent":3196,"menu_order":3,"comment_status":"closed","ping_status":"closed","template":"","meta":{"footnotes":""},"class_list":["post-8458","page","type-page","status-publish","hentry"],"yoast_head":"<!-- This site is optimized with the Yoast SEO plugin v27.6 - https:\/\/yoast.com\/product\/yoast-seo-wordpress\/ -->\n<title>Anmeldung ZP - Zukunft Kinder Cham<\/title>\n<meta name=\"robots\" content=\"index, follow, max-snippet:-1, max-image-preview:large, max-video-preview:-1\" \/>\n<link rel=\"canonical\" href=\"https:\/\/www.zuki.ch\/wpn\/angebote\/zuki-plausch-cham\/anmeldung\/\" \/>\n<meta property=\"og:locale\" content=\"de_DE\" \/>\n<meta property=\"og:type\" content=\"article\" \/>\n<meta property=\"og:title\" content=\"Anmeldung ZP - Zukunft Kinder Cham\" \/>\n<meta property=\"og:description\" content=\"Gem\u00e4ss den BAG-Bestimmungen vom 13.02.21 m\u00fcssen wir den ZuKi-Plausch leider bis auf Weiteres absagen. Aufgrund von Covid-19 halten wir uns an die gesetzlichen Vorgaben.Alle Erwachsenen m\u00fcssen im Geb\u00e4ude Masken tragen Weiterlesen \u2192\" \/>\n<meta property=\"og:url\" content=\"https:\/\/www.zuki.ch\/wpn\/angebote\/zuki-plausch-cham\/anmeldung\/\" \/>\n<meta property=\"og:site_name\" content=\"Zukunft Kinder Cham\" \/>\n<meta property=\"article:publisher\" content=\"https:\/\/www.facebook.com\/ZuKiCham\/\" \/>\n<meta property=\"article:modified_time\" content=\"2021-05-11T18:00:53+00:00\" \/>\n<meta property=\"og:image\" content=\"https:\/\/www.zuki.ch\/wpn\/wp-content\/uploads\/2020\/11\/Gutscheine3-1-300x122.jpg\" \/>\n<meta name=\"twitter:card\" content=\"summary_large_image\" \/>\n<script type=\"application\/ld+json\" class=\"yoast-schema-graph\">{\"@context\":\"https:\\\/\\\/schema.org\",\"@graph\":[{\"@type\":\"WebPage\",\"@id\":\"https:\\\/\\\/www.zuki.ch\\\/wpn\\\/angebote\\\/zuki-plausch-cham\\\/anmeldung\\\/\",\"url\":\"https:\\\/\\\/www.zuki.ch\\\/wpn\\\/angebote\\\/zuki-plausch-cham\\\/anmeldung\\\/\",\"name\":\"Anmeldung ZP - Zukunft Kinder Cham\",\"isPartOf\":{\"@id\":\"https:\\\/\\\/www.zuki.ch\\\/wpn\\\/#website\"},\"primaryImageOfPage\":{\"@id\":\"https:\\\/\\\/www.zuki.ch\\\/wpn\\\/angebote\\\/zuki-plausch-cham\\\/anmeldung\\\/#primaryimage\"},\"image\":{\"@id\":\"https:\\\/\\\/www.zuki.ch\\\/wpn\\\/angebote\\\/zuki-plausch-cham\\\/anmeldung\\\/#primaryimage\"},\"thumbnailUrl\":\"https:\\\/\\\/www.zuki.ch\\\/wpn\\\/wp-content\\\/uploads\\\/2020\\\/11\\\/Gutscheine3-1-300x122.jpg\",\"datePublished\":\"2020-11-04T13:53:32+00:00\",\"dateModified\":\"2021-05-11T18:00:53+00:00\",\"breadcrumb\":{\"@id\":\"https:\\\/\\\/www.zuki.ch\\\/wpn\\\/angebote\\\/zuki-plausch-cham\\\/anmeldung\\\/#breadcrumb\"},\"inLanguage\":\"de\",\"potentialAction\":[{\"@type\":\"ReadAction\",\"target\":[\"https:\\\/\\\/www.zuki.ch\\\/wpn\\\/angebote\\\/zuki-plausch-cham\\\/anmeldung\\\/\"]}]},{\"@type\":\"ImageObject\",\"inLanguage\":\"de\",\"@id\":\"https:\\\/\\\/www.zuki.ch\\\/wpn\\\/angebote\\\/zuki-plausch-cham\\\/anmeldung\\\/#primaryimage\",\"url\":\"\",\"contentUrl\":\"\"},{\"@type\":\"BreadcrumbList\",\"@id\":\"https:\\\/\\\/www.zuki.ch\\\/wpn\\\/angebote\\\/zuki-plausch-cham\\\/anmeldung\\\/#breadcrumb\",\"itemListElement\":[{\"@type\":\"ListItem\",\"position\":1,\"name\":\"Startseite\",\"item\":\"https:\\\/\\\/www.zuki.ch\\\/wpn\\\/\"},{\"@type\":\"ListItem\",\"position\":2,\"name\":\"ZuKi-Angebote auf einen Blick\",\"item\":\"https:\\\/\\\/www.zuki.ch\\\/wpn\\\/angebote\\\/\"},{\"@type\":\"ListItem\",\"position\":3,\"name\":\"ZuKi-Plausch Cham in der Turnhalle R\u00f6hrliberg l\",\"item\":\"https:\\\/\\\/www.zuki.ch\\\/wpn\\\/angebote\\\/zuki-plausch-cham\\\/\"},{\"@type\":\"ListItem\",\"position\":4,\"name\":\"Anmeldung ZP\"}]},{\"@type\":\"WebSite\",\"@id\":\"https:\\\/\\\/www.zuki.ch\\\/wpn\\\/#website\",\"url\":\"https:\\\/\\\/www.zuki.ch\\\/wpn\\\/\",\"name\":\"Zukunft Kinder Cham\",\"description\":\"\",\"publisher\":{\"@id\":\"https:\\\/\\\/www.zuki.ch\\\/wpn\\\/#organization\"},\"potentialAction\":[{\"@type\":\"SearchAction\",\"target\":{\"@type\":\"EntryPoint\",\"urlTemplate\":\"https:\\\/\\\/www.zuki.ch\\\/wpn\\\/?s={search_term_string}\"},\"query-input\":{\"@type\":\"PropertyValueSpecification\",\"valueRequired\":true,\"valueName\":\"search_term_string\"}}],\"inLanguage\":\"de\"},{\"@type\":\"Organization\",\"@id\":\"https:\\\/\\\/www.zuki.ch\\\/wpn\\\/#organization\",\"name\":\"Zukunft Kinder Cham\",\"alternateName\":\"ZuKi\",\"url\":\"https:\\\/\\\/www.zuki.ch\\\/wpn\\\/\",\"logo\":{\"@type\":\"ImageObject\",\"inLanguage\":\"de\",\"@id\":\"https:\\\/\\\/www.zuki.ch\\\/wpn\\\/#\\\/schema\\\/logo\\\/image\\\/\",\"url\":\"https:\\\/\\\/www.zuki.ch\\\/wpn\\\/wp-content\\\/uploads\\\/2024\\\/06\\\/ZuKi-.jpg\",\"contentUrl\":\"https:\\\/\\\/www.zuki.ch\\\/wpn\\\/wp-content\\\/uploads\\\/2024\\\/06\\\/ZuKi-.jpg\",\"width\":1000,\"height\":1117,\"caption\":\"Zukunft Kinder Cham\"},\"image\":{\"@id\":\"https:\\\/\\\/www.zuki.ch\\\/wpn\\\/#\\\/schema\\\/logo\\\/image\\\/\"},\"sameAs\":[\"https:\\\/\\\/www.facebook.com\\\/ZuKiCham\\\/\"]}]}<\/script>\n<!-- \/ Yoast SEO plugin. -->","yoast_head_json":{"title":"Anmeldung ZP - Zukunft Kinder Cham","robots":{"index":"index","follow":"follow","max-snippet":"max-snippet:-1","max-image-preview":"max-image-preview:large","max-video-preview":"max-video-preview:-1"},"canonical":"https:\/\/www.zuki.ch\/wpn\/angebote\/zuki-plausch-cham\/anmeldung\/","og_locale":"de_DE","og_type":"article","og_title":"Anmeldung ZP - Zukunft Kinder Cham","og_description":"Gem\u00e4ss den BAG-Bestimmungen vom 13.02.21 m\u00fcssen wir den ZuKi-Plausch leider bis auf Weiteres absagen. Aufgrund von Covid-19 halten wir uns an die gesetzlichen Vorgaben.Alle Erwachsenen m\u00fcssen im Geb\u00e4ude Masken tragen Weiterlesen \u2192","og_url":"https:\/\/www.zuki.ch\/wpn\/angebote\/zuki-plausch-cham\/anmeldung\/","og_site_name":"Zukunft Kinder Cham","article_publisher":"https:\/\/www.facebook.com\/ZuKiCham\/","article_modified_time":"2021-05-11T18:00:53+00:00","og_image":[{"url":"https:\/\/www.zuki.ch\/wpn\/wp-content\/uploads\/2020\/11\/Gutscheine3-1-300x122.jpg","type":"","width":"","height":""}],"twitter_card":"summary_large_image","schema":{"@context":"https:\/\/schema.org","@graph":[{"@type":"WebPage","@id":"https:\/\/www.zuki.ch\/wpn\/angebote\/zuki-plausch-cham\/anmeldung\/","url":"https:\/\/www.zuki.ch\/wpn\/angebote\/zuki-plausch-cham\/anmeldung\/","name":"Anmeldung ZP - Zukunft Kinder Cham","isPartOf":{"@id":"https:\/\/www.zuki.ch\/wpn\/#website"},"primaryImageOfPage":{"@id":"https:\/\/www.zuki.ch\/wpn\/angebote\/zuki-plausch-cham\/anmeldung\/#primaryimage"},"image":{"@id":"https:\/\/www.zuki.ch\/wpn\/angebote\/zuki-plausch-cham\/anmeldung\/#primaryimage"},"thumbnailUrl":"https:\/\/www.zuki.ch\/wpn\/wp-content\/uploads\/2020\/11\/Gutscheine3-1-300x122.jpg","datePublished":"2020-11-04T13:53:32+00:00","dateModified":"2021-05-11T18:00:53+00:00","breadcrumb":{"@id":"https:\/\/www.zuki.ch\/wpn\/angebote\/zuki-plausch-cham\/anmeldung\/#breadcrumb"},"inLanguage":"de","potentialAction":[{"@type":"ReadAction","target":["https:\/\/www.zuki.ch\/wpn\/angebote\/zuki-plausch-cham\/anmeldung\/"]}]},{"@type":"ImageObject","inLanguage":"de","@id":"https:\/\/www.zuki.ch\/wpn\/angebote\/zuki-plausch-cham\/anmeldung\/#primaryimage","url":"","contentUrl":""},{"@type":"BreadcrumbList","@id":"https:\/\/www.zuki.ch\/wpn\/angebote\/zuki-plausch-cham\/anmeldung\/#breadcrumb","itemListElement":[{"@type":"ListItem","position":1,"name":"Startseite","item":"https:\/\/www.zuki.ch\/wpn\/"},{"@type":"ListItem","position":2,"name":"ZuKi-Angebote auf einen Blick","item":"https:\/\/www.zuki.ch\/wpn\/angebote\/"},{"@type":"ListItem","position":3,"name":"ZuKi-Plausch Cham in der Turnhalle R\u00f6hrliberg l","item":"https:\/\/www.zuki.ch\/wpn\/angebote\/zuki-plausch-cham\/"},{"@type":"ListItem","position":4,"name":"Anmeldung ZP"}]},{"@type":"WebSite","@id":"https:\/\/www.zuki.ch\/wpn\/#website","url":"https:\/\/www.zuki.ch\/wpn\/","name":"Zukunft Kinder Cham","description":"","publisher":{"@id":"https:\/\/www.zuki.ch\/wpn\/#organization"},"potentialAction":[{"@type":"SearchAction","target":{"@type":"EntryPoint","urlTemplate":"https:\/\/www.zuki.ch\/wpn\/?s={search_term_string}"},"query-input":{"@type":"PropertyValueSpecification","valueRequired":true,"valueName":"search_term_string"}}],"inLanguage":"de"},{"@type":"Organization","@id":"https:\/\/www.zuki.ch\/wpn\/#organization","name":"Zukunft Kinder Cham","alternateName":"ZuKi","url":"https:\/\/www.zuki.ch\/wpn\/","logo":{"@type":"ImageObject","inLanguage":"de","@id":"https:\/\/www.zuki.ch\/wpn\/#\/schema\/logo\/image\/","url":"https:\/\/www.zuki.ch\/wpn\/wp-content\/uploads\/2024\/06\/ZuKi-.jpg","contentUrl":"https:\/\/www.zuki.ch\/wpn\/wp-content\/uploads\/2024\/06\/ZuKi-.jpg","width":1000,"height":1117,"caption":"Zukunft Kinder Cham"},"image":{"@id":"https:\/\/www.zuki.ch\/wpn\/#\/schema\/logo\/image\/"},"sameAs":["https:\/\/www.facebook.com\/ZuKiCham\/"]}]}},"_links":{"self":[{"href":"https:\/\/www.zuki.ch\/wpn\/wp-json\/wp\/v2\/pages\/8458","targetHints":{"allow":["GET"]}}],"collection":[{"href":"https:\/\/www.zuki.ch\/wpn\/wp-json\/wp\/v2\/pages"}],"about":[{"href":"https:\/\/www.zuki.ch\/wpn\/wp-json\/wp\/v2\/types\/page"}],"author":[{"embeddable":true,"href":"https:\/\/www.zuki.ch\/wpn\/wp-json\/wp\/v2\/users\/3"}],"replies":[{"embeddable":true,"href":"https:\/\/www.zuki.ch\/wpn\/wp-json\/wp\/v2\/comments?post=8458"}],"version-history":[{"count":10,"href":"https:\/\/www.zuki.ch\/wpn\/wp-json\/wp\/v2\/pages\/8458\/revisions"}],"predecessor-version":[{"id":8844,"href":"https:\/\/www.zuki.ch\/wpn\/wp-json\/wp\/v2\/pages\/8458\/revisions\/8844"}],"up":[{"embeddable":true,"href":"https:\/\/www.zuki.ch\/wpn\/wp-json\/wp\/v2\/pages\/3196"}],"wp:attachment":[{"href":"https:\/\/www.zuki.ch\/wpn\/wp-json\/wp\/v2\/media?parent=8458"}],"curies":[{"name":"wp","href":"https:\/\/api.w.org\/{rel}","templated":true}]}}